{"id":10,"date":"2017-11-15T09:42:27","date_gmt":"2017-11-15T09:42:27","guid":{"rendered":"http:\/\/www.caddepc.com\/?page_id=10"},"modified":"2020-09-01T13:17:03","modified_gmt":"2020-09-01T13:17:03","slug":"teknik-servis","status":"publish","type":"page","link":"https:\/\/caddepc.com\/index.php\/teknik-servis\/","title":{"rendered":"Teknik Servis"},"content":{"rendered":"<p><div class=\"fusion-fullwidth fullwidth-box fusion-builder-row-1 fusion-flex-container fusion-parallax-none nonhundred-percent-fullwidth non-hundred-percent-height-scrolling\" style=\"background-color: #eeeeee;background-image: url(&quot;http:\/\/www.caddepc.com\/wp-content\/uploads\/2020\/09\/bg1a-300x159.png&quot;);background-position: center center;background-repeat: no-repeat;border-width: 0px 0px 0px 0px;border-color:#eae9e9;border-style:solid;-webkit-background-size:cover;-moz-background-size:cover;-o-background-size:cover;background-size:cover;\" ><div class=\"fusion-builder-row fusion-row fusion-flex-align-items-flex-start fusion-flex-justify-content-center\" style=\"max-width:calc( 1180px + 0px );margin-left: calc(-0px \/ 2 );margin-right: calc(-0px \/ 2 );\"><div class=\"fusion-layout-column fusion_builder_column fusion-builder-column-0 fusion_builder_column_2_3 2_3 fusion-flex-column fusion-animated\" data-animationType=\"zoomIn\" data-animationDuration=\"0.9\" data-animationOffset=\"100%\"><div class=\"fusion-column-wrapper fusion-flex-justify-content-flex-start fusion-content-layout-column\" style=\"background-position:left top;background-repeat:no-repeat;-webkit-background-size:cover;-moz-background-size:cover;-o-background-size:cover;background-size:cover;padding: 0px 0px 0px 0px;\"><style type=\"text\/css\">@media only screen and (max-width:1000px) {.fusion-title.fusion-title-1{margin-top:15px!important;margin-bottom:15px!important;}}<\/style><div class=\"fusion-title title fusion-title-1 fusion-sep-none fusion-title-center fusion-title-text fusion-title-size-one\" style=\"margin-top:15px;margin-bottom:15px;\"><h1 class=\"title-heading-center\" style=\"margin:0;\"><span style=\"color: #333645;\">TEKN\u0130K SERV\u0130S<\/span><\/h1><\/div><div class=\"fusion-separator\" style=\"align-self: center;margin-left: auto;margin-right: auto;margin-top:16px;margin-bottom:36px;width:100%;max-width:24%;\"><div class=\"fusion-separator-border sep-single\" style=\"border-color:#5e6276;border-top-width:2px;\"><\/div><\/div><div class=\"fusion-text fusion-text-1\"><p style=\"text-align: center;\"><span style=\"color: #5f616f;\">Bilgisayar Tamiri, Bak\u0131m\u0131 ve Teknik Servis Hizmetleri<\/span><\/p>\n<\/div><\/div><\/div><style type=\"text\/css\">.fusion-body .fusion-builder-column-0{width:66.666666666667% !important;margin-top : 85px;margin-bottom : 60px;}.fusion-builder-column-0 > .fusion-column-wrapper {padding-top : 0px !important;padding-right : 0px !important;margin-right : 0px;padding-bottom : 0px !important;padding-left : 0px !important;margin-left : 0px;}@media only screen and (max-width:1000px) {.fusion-body .fusion-builder-column-0{width:100% !important;}.fusion-builder-column-0 > .fusion-column-wrapper {margin-right : 0px;margin-left : 0px;}}@media only screen and (max-width:640px) {.fusion-body .fusion-builder-column-0{width:100% !important;}.fusion-builder-column-0 > .fusion-column-wrapper {margin-right : 0px;margin-left : 0px;}}<\/style><div class=\"fusion-layout-column fusion_builder_column fusion-builder-column-1 fusion_builder_column_1_1 1_1 fusion-flex-column\"><div class=\"fusion-column-wrapper fusion-flex-justify-content-center fusion-content-layout-column\" style=\"background-position:left top;background-blend-mode: overlay;background-repeat:no-repeat;-webkit-background-size:cover;-moz-background-size:cover;-o-background-size:cover;background-size:cover;padding: 0px 0px 0px 0px;\"><div class=\"fusion-section-separator section-separator big-half-circle fusion-section-separator-1\"><div class=\"fusion-section-separator-svg\" style=\"padding:0;\"><svg class=\"fusion-big-half-circle-candy\" xmlns=\"http:\/\/www.w3.org\/2000\/svg\" version=\"1.1\" width=\"100%\" height=\"100\" viewBox=\"0 0 100 100\" preserveAspectRatio=\"none\" style=\"fill:#292b37;padding:0;\"><path d=\"M0 100 C40 0 60 0 100 100 Z\"><\/path><\/svg><\/div><div class=\"fusion-section-separator-spacer\"><div class=\"fusion-section-separator-spacer-height\" style=\"height:99px;\"><\/div><\/div><style type=\"text\/css\">.fusion-section-separator-1 .fusion-section-separator-svg {margin-left:0px;margin-right:0px;}@media only screen and (max-width:1000px) {.fusion-section-separator-1 .fusion-section-separator-svg {margin-left:0px;margin-right:0px;}}@media only screen and (max-width:640px) {.fusion-section-separator-1 .fusion-section-separator-svg {margin-left:0px;margin-right:0px;}}<\/style><\/div><\/div><\/div><style type=\"text\/css\">.fusion-body .fusion-builder-column-1{width:100% !important;margin-top : 0px;margin-bottom : 0px;}.fusion-builder-column-1 > .fusion-column-wrapper {padding-top : 0px !important;padding-right : 0px !important;margin-right : 0px;padding-bottom : 0px !important;padding-left : 0px !important;margin-left : 0px;}@media only screen and (max-width:1000px) {.fusion-body .fusion-builder-column-1{width:100% !important;}.fusion-builder-column-1 > .fusion-column-wrapper {margin-right : 0px;margin-left : 0px;}}@media only screen and (max-width:640px) {.fusion-body .fusion-builder-column-1{width:100% !important;}.fusion-builder-column-1 > .fusion-column-wrapper {margin-right : 0px;margin-left : 0px;}}<\/style><\/div><style type=\"text\/css\">.fusion-body .fusion-flex-container.fusion-builder-row-1{ padding-top : 45px;margin-top : 0px;padding-right : 0px;padding-bottom : 0px;margin-bottom : 0px;padding-left : 0px;}<\/style><\/div><div class=\"fusion-fullwidth fullwidth-box fusion-builder-row-2 fusion-flex-container nonhundred-percent-fullwidth non-hundred-percent-height-scrolling\" style=\"background-color: #292b37;background-position: center center;background-repeat: no-repeat;border-width: 0px 0px 0px 0px;border-color:#eae9e9;border-style:solid;\" ><div class=\"fusion-builder-row fusion-row fusion-flex-align-items-flex-start\" style=\"max-width:1227.2px;margin-left: calc(-4% \/ 2 );margin-right: calc(-4% \/ 2 );\"><div class=\"fusion-layout-column fusion_builder_column fusion-builder-column-2 fusion_builder_column_1_6 1_6 fusion-flex-column fusion-no-small-visibility\"><div class=\"fusion-column-wrapper fusion-flex-justify-content-flex-start fusion-content-layout-column\" style=\"background-position:left top;background-repeat:no-repeat;-webkit-background-size:cover;-moz-background-size:cover;-o-background-size:cover;background-size:cover;padding: 0px 0px 0px 0px;\"><\/div><\/div><style type=\"text\/css\">.fusion-body .fusion-builder-column-2{width:16.666666666667% !important;margin-top : 15px;margin-bottom : 15px;}.fusion-builder-column-2 > .fusion-column-wrapper {padding-top : 0px !important;padding-right : 0px !important;margin-right : 11.52%;padding-bottom : 0px !important;padding-left : 0px !important;margin-left : 11.52%;}@media only screen and (max-width:1000px) {.fusion-body .fusion-builder-column-2{width:100% !important;}.fusion-builder-column-2 > .fusion-column-wrapper {margin-right : 1.92%;margin-left : 1.92%;}}@media only screen and (max-width:640px) {.fusion-body .fusion-builder-column-2{width:100% !important;}.fusion-builder-column-2 > .fusion-column-wrapper {margin-right : 1.92%;margin-left : 1.92%;}}<\/style><div class=\"fusion-layout-column fusion_builder_column fusion-builder-column-3 fusion_builder_column_2_3 2_3 fusion-flex-column\"><div class=\"fusion-column-wrapper fusion-flex-justify-content-flex-start fusion-content-layout-column\" style=\"background-position:left top;background-repeat:no-repeat;-webkit-background-size:cover;-moz-background-size:cover;-o-background-size:cover;background-size:cover;padding: 0px 0px 0px 0px;\"><style type=\"text\/css\">@media only screen and (max-width:1000px) {.fusion-title.fusion-title-2{margin-top:0px!important;margin-bottom:15px!important;}}<\/style><div class=\"fusion-title title fusion-title-2 fusion-sep-none fusion-title-center fusion-title-text fusion-title-size-two\" style=\"margin-top:0px;margin-bottom:15px;\"><h2 class=\"title-heading-center\" style=\"margin:0;\">B\u0130LG\u0130SAYAR TEKN\u0130K SERV\u0130S<\/h2><\/div><div class=\"fusion-separator\" style=\"align-self: center;margin-left: auto;margin-right: auto;margin-top:16px;margin-bottom:36px;width:100%;max-width:24%;\"><div class=\"fusion-separator-border sep-single\" style=\"border-color:#5e6276;border-top-width:2px;\"><\/div><\/div><div class=\"fusion-text fusion-text-2\"><p style=\"text-align: center;\">S\u00fcrekli internet ba\u011flant\u0131lar\u0131, her saat yenileri eklenen vir\u00fcsler, hem ev hem ofis bilgisayarlar\u0131n\u0131 her ge\u00e7en g\u00fcn daha fazla tehdit etmeye devam etmekte.<br \/>\nKimi zaman, bir oyunun en heyecanl\u0131 yerinde, kimi zaman bir \u00f6devi haz\u0131rlarken, kimi zaman ticari program\u0131n\u0131za bilgi girerken, veya patronunuzun \u00e7ok sinirli oldu\u011fu bir g\u00fcnde, sizden rapor istedi\u011finde, aniden elektrikler kesildi ve bilgisayar\u0131n\u0131z bir daha a\u00e7\u0131lmad\u0131, yok yok, bilgisayar\u0131n\u0131z\u0131n faresi istem d\u0131\u015f\u0131, hareket ederek bilgisayar\u0131n\u0131z\u0131 kullanman\u0131za f\u0131rsat vermiyor.<br \/>\nNe yapacaks\u0131n\u0131z \u015fimdi? Bilgisayardan anlayan birileri gelinceye kadar beklemek?, O hi\u00e7 gelmeyen bilgisayarc\u0131n\u0131z\u0131 bir daha aray\u0131p \u015fans\u0131n\u0131z\u0131 denemek? Hay\u0131r bu iki \u00e7\u00f6z\u00fcmde kula\u011fa ho\u015f gelmiyor, isterseniz yeni ba\u015ftan ba\u015flayal\u0131m, aray\u0131n bizi, daha telefonda iken birazdan sorunlar\u0131n\u0131z\u0131n \u00e7\u00f6z\u00fclece\u011finden emin olun, sonra g\u00fcler y\u00fczl\u00fc bir personelimiz gelsin, sorunlar \u00e7\u00f6z\u00fcls\u00fcn, hatta siz bir \u00e7ay ikram ederken, bilgisayar\u0131n\u0131z\u0131 nas\u0131l daha verimli kullanabilece\u011finize dair de bir ka\u00e7 t\u00fcyo al\u0131n, ve bir dahaki sorununuzda, sadece y\u00fcz\u00fcn\u00fczde bir g\u00fcl\u00fcmseme olsun, bilin ki bundan sonras\u0131 belli\u2026 Sorunlar hi\u00e7 bir zaman bitmez, t\u00fckenmez, \u00f6nemli olan \u00e7\u00f6z\u00fcm\u00fc kimin verece\u011fini bilmek ve biraz sab\u0131r.<\/p>\n<p>BAKIM ANLA\u015eMALARI<br \/>\nTicari i\u015fletmeler i\u00e7in, bilgisayarlardan kaynaklanan en ufak bir sorun hem personelin vakit kayb\u0131na, hem ticari zararlara sebebiyet vermekte, o zaman sorun meydana geldikten sonra \u00e7\u00f6z\u00fcm bulmaya de\u011fil, sorunun meydana gelmesini engellemeye \u00e7al\u0131\u015fmak gerekmekte\u2026 Kurumsal Bak\u0131m Anla\u015fmas\u0131 Nedir?<br \/>\nKurumsal Bak\u0131m Anla\u015fmas\u0131, yap\u0131lan anla\u015fmaya g\u00f6re, g\u00fcn\u00fcn her saatinde veya mesai saatleri i\u00e7erisinde, Bilgisayar Donan\u0131m\u0131, \u0130\u00e7inde bulunan yaz\u0131l\u0131mlar veya Bilgisayar \u00c7evre Birimleri ile ilgili herhangi bir sorun meydana geldi\u011finde veya herhangi bir sorun meydana gelmemesi i\u00e7in, bilgisayarlara m\u00fcdahale edilip, sorunlar\u0131n giderilmesi, gereken \u00f6nlemlerin al\u0131nmas\u0131 hizmetlerini kapsar. Kimler Kurumsal Bak\u0131m Anla\u015fmas\u0131 Yapt\u0131rmal\u0131d\u0131r? \u0130\u015fletmesinde bulunan bilgisayar, yaz\u0131c\u0131, taray\u0131c\u0131, barkod \u00fcniteleri, plotter vb. \u00e7evre birimlerinin say\u0131s\u0131 alt\u0131 ve \u00fczerinde olan, bilgisayarlar\u0131nda sorun meydana geldi\u011finde, acil \u00e7\u00f6z\u00fcm gereken, t\u00fcm i\u015fletmeler Kurumsal Bak\u0131m Anla\u015fmas\u0131 yapt\u0131rabilirler. Kurumsal Bak\u0131m Anla\u015fmas\u0131 Ne T\u00fcr Hizmetleri Kapsar? Kurumsal Bak\u0131m anla\u015fmas\u0131 s\u00fcresince Tekrom laboratuarlar\u0131nda veya m\u00fc\u015fteri yerinde limitsiz servis deste\u011fi, ayda bir kez periyodik koruyucu bak\u0131m, envanter takibi, ar\u0131zal\u0131 cihaz\u0131n m\u00fc\u015fteri yerinde onar\u0131lamad\u0131\u011f\u0131 durumlarda yerine yedek cihaz b\u0131rak\u0131lmas\u0131, Novell, NT, 2000, XP, Linux \u00e7oklu i\u015fletim sistemi, Win 95, Win 98, Win 2000, ME, XP, Linux i\u015fletim sistemi deste\u011fi, bilgisayar, notebook, yaz\u0131c\u0131, monit\u00f6r, scanner, plotter, projeksiyon cihaz\u0131, digital foto\u011fraf makinas\u0131, POS yaz\u0131c\u0131 ve di\u011fer \u00e7evre birimleri onar\u0131m\u0131, MS Office uygulamalar\u0131 ve virus deste\u011fi, garanti hizmetleri, orjinal yedek par\u00e7a deste\u011fi, , Ticari ve Sekt\u00f6rel Programlar\u0131n Kurulum, E\u011fitim ve Desteklerinin verilmesi, standart hizmetlerimizden olup gerekti\u011fi durumlarda eleman outsourcing, help desk ve benzeri hizmetler eklenebilir. Gerek olmayan hizmetler anla\u015fma kapsam\u0131ndan \u00e7\u0131kar\u0131labilir. Kurumsal Bak\u0131m Anla\u015fmas\u0131n\u0131n Maliyeti Nedir? Kurumsal Bak\u0131m Anla\u015fmas\u0131 maliyeti m\u00fc\u015fteri, personeli ve i\u015fletme bilgisayarlar\u0131n\u0131n kullan\u0131m ama\u00e7lar\u0131na g\u00f6re, de\u011fi\u015fmekte olup, ayl\u0131k maliyeti 150 YTL ve \u00fczeridir. Kurumsal Bak\u0131m Anla\u015fmas\u0131n\u0131n Ge\u00e7erlilik S\u00fcresi Nedir? Kurumsal Bak\u0131m Anla\u015fmas\u0131 6 ayl\u0131k veya 1 y\u0131ll\u0131k s\u00fcreler haline yap\u0131lmaktad\u0131r. Kurumsal Bak\u0131m Anla\u015fmas\u0131 Yapt\u0131rman\u0131n Avantaj\u0131 Nedir? Kurumsal Bak\u0131m Anla\u015fmal\u0131 m\u00fc\u015fterilerimiz en \u00f6ncelikli m\u00fc\u015fterilerimizdir. Telefon, Messenger Uzak Masa\u00fcst\u00fc Ba\u011flant\u0131s\u0131 ve Yerinde Servis hizmetlerimizden, sorunu en h\u0131zl\u0131 \u00e7\u00f6zebilecek olan y\u00f6ntem tercih edilir ve m\u00fc\u015fteri sorunlar\u0131 giderilir. M\u00fc\u015fterilerimiz, donan\u0131mlar\u0131 bozuldu\u011fu i\u00e7in, i\u015f kayb\u0131na u\u011framazlar, Verilerinin yedekleri her zaman al\u0131n\u0131r, Teknolojik geli\u015fmelerden an\u0131nda haberdar olurlar, ek hi\u00e7bir \u00fccret \u00f6demezler, di\u011fer donan\u0131m \u00fcr\u00fcnlerini ald\u0131klar\u0131nda \u00e7ok \u00f6zel \u00f6deme ko\u015fullar\u0131 ve iskontolar sa\u011flan\u0131r. Kurumsal Bak\u0131m Anla\u015fmas\u0131na Nas\u0131l Ba\u015flan\u0131r? \u00d6ncelikle bir \u00f6n g\u00f6r\u00fc\u015fme ile talepler dinlenir, sonras\u0131nda m\u00fc\u015fteri temsilcilerimiz, m\u00fchendislerimizle beraber, i\u015fletmeyi analiz eder ve yap\u0131labilecek hizmetler hakk\u0131nda bir brief verirler. Takip eden s\u00fcre\u00e7te bir s\u00f6zle\u015fme haz\u0131rlan\u0131r, onaylanmas\u0131 durumunda, firman\u0131n b\u00fcy\u00fckl\u00fc\u011f\u00fcne g\u00f6re 3-10 ki\u015filik bir ekip, i\u015fletme bilgisayarlar\u0131nda toplu bir \u00e7al\u0131\u015fma ger\u00e7ekle\u015ftirir, eksikler belirlenir, yedekler al\u0131n\u0131r, ilk bak\u0131m yap\u0131l\u0131r, firman\u0131n teknik yap\u0131s\u0131, eksikler, geli\u015ftirmeler hakk\u0131nda bir rapor haz\u0131rlanarak \u015firket y\u00f6netimine sunulur, bu tarihten itibaren de her t\u00fcrl\u00fc sorunda h\u0131zl\u0131 ve yerinde destek sa\u011flan\u0131r<\/p>\n<\/div><\/div><\/div><style type=\"text\/css\">.fusion-body .fusion-builder-column-3{width:66.666666666667% !important;margin-top : 80px;margin-bottom : 45px;}.fusion-builder-column-3 > .fusion-column-wrapper {padding-top : 0px !important;padding-right : 0px !important;margin-right : 2.88%;padding-bottom : 0px !important;padding-left : 0px !important;margin-left : 2.88%;}@media only screen and (max-width:1000px) {.fusion-body .fusion-builder-column-3{width:100% !important;margin-bottom : 24px;}.fusion-builder-column-3 > .fusion-column-wrapper {margin-right : 1.92%;margin-left : 1.92%;}}@media only screen and (max-width:640px) {.fusion-body .fusion-builder-column-3{width:100% !important;}.fusion-builder-column-3 > .fusion-column-wrapper {margin-right : 1.92%;margin-left : 1.92%;}}<\/style><div class=\"fusion-layout-column fusion_builder_column fusion-builder-column-4 fusion_builder_column_1_6 1_6 fusion-flex-column fusion-no-small-visibility\"><div class=\"fusion-column-wrapper fusion-flex-justify-content-flex-start fusion-content-layout-column\" style=\"background-position:left top;background-repeat:no-repeat;-webkit-background-size:cover;-moz-background-size:cover;-o-background-size:cover;background-size:cover;padding: 0px 0px 0px 0px;\"><\/div><\/div><style type=\"text\/css\">.fusion-body .fusion-builder-column-4{width:16.666666666667% !important;margin-top : 15px;margin-bottom : 15px;}.fusion-builder-column-4 > .fusion-column-wrapper {padding-top : 0px !important;padding-right : 0px !important;margin-right : 11.52%;padding-bottom : 0px !important;padding-left : 0px !important;margin-left : 11.52%;}@media only screen and (max-width:1000px) {.fusion-body .fusion-builder-column-4{width:100% !important;}.fusion-builder-column-4 > .fusion-column-wrapper {margin-right : 1.92%;margin-left : 1.92%;}}@media only screen and (max-width:640px) {.fusion-body .fusion-builder-column-4{width:100% !important;}.fusion-builder-column-4 > .fusion-column-wrapper {margin-right : 1.92%;margin-left : 1.92%;}}<\/style><\/div><style type=\"text\/css\">.fusion-body .fusion-flex-container.fusion-builder-row-2{ padding-top : 40px;margin-top : 0px;padding-right : 0px;padding-bottom : 70px;margin-bottom : 0px;padding-left : 0px;}<\/style><\/div><\/p>\n","protected":false},"excerpt":{"rendered":"","protected":false},"author":1,"featured_media":0,"parent":0,"menu_order":0,"comment_status":"closed","ping_status":"closed","template":"100-width.php","meta":{"footnotes":""},"class_list":["post-10","page","type-page","status-publish","hentry"],"_links":{"self":[{"href":"https:\/\/caddepc.com\/index.php\/wp-json\/wp\/v2\/pages\/10","targetHints":{"allow":["GET"]}}],"collection":[{"href":"https:\/\/caddepc.com\/index.php\/wp-json\/wp\/v2\/pages"}],"about":[{"href":"https:\/\/caddepc.com\/index.php\/wp-json\/wp\/v2\/types\/page"}],"author":[{"embeddable":true,"href":"https:\/\/caddepc.com\/index.php\/wp-json\/wp\/v2\/users\/1"}],"replies":[{"embeddable":true,"href":"https:\/\/caddepc.com\/index.php\/wp-json\/wp\/v2\/comments?post=10"}],"version-history":[{"count":0,"href":"https:\/\/caddepc.com\/index.php\/wp-json\/wp\/v2\/pages\/10\/revisions"}],"wp:attachment":[{"href":"https:\/\/caddepc.com\/index.php\/wp-json\/wp\/v2\/media?parent=10"}],"curies":[{"name":"wp","href":"https:\/\/api.w.org\/{rel}","templated":true}]}}