{"id":1973,"date":"2020-09-01T14:00:14","date_gmt":"2020-09-01T14:00:14","guid":{"rendered":"http:\/\/www.caddepc.com\/?page_id=1973"},"modified":"2020-09-01T14:02:19","modified_gmt":"2020-09-01T14:02:19","slug":"network-kurulumu","status":"publish","type":"page","link":"https:\/\/caddepc.com\/index.php\/network-kurulumu\/","title":{"rendered":"Network Kurulumu"},"content":{"rendered":"<p><div class=\"fusion-fullwidth fullwidth-box fusion-builder-row-1 fusion-flex-container fusion-parallax-none nonhundred-percent-fullwidth non-hundred-percent-height-scrolling\" style=\"background-color: #eeeeee;background-image: url(&quot;http:\/\/www.caddepc.com\/wp-content\/uploads\/2020\/09\/bg1a-300x159.png&quot;);background-position: center center;background-repeat: no-repeat;border-width: 0px 0px 0px 0px;border-color:#eae9e9;border-style:solid;-webkit-background-size:cover;-moz-background-size:cover;-o-background-size:cover;background-size:cover;\" ><div class=\"fusion-builder-row fusion-row fusion-flex-align-items-flex-start fusion-flex-justify-content-center\" style=\"max-width:calc( 1180px + 0px );margin-left: calc(-0px \/ 2 );margin-right: calc(-0px \/ 2 );\"><div class=\"fusion-layout-column fusion_builder_column fusion-builder-column-0 fusion_builder_column_2_3 2_3 fusion-flex-column fusion-animated\" data-animationType=\"zoomIn\" data-animationDuration=\"0.9\" data-animationOffset=\"100%\"><div class=\"fusion-column-wrapper fusion-flex-justify-content-flex-start fusion-content-layout-column\" style=\"background-position:left top;background-repeat:no-repeat;-webkit-background-size:cover;-moz-background-size:cover;-o-background-size:cover;background-size:cover;padding: 0px 0px 0px 0px;\"><style type=\"text\/css\">@media only screen and (max-width:1000px) {.fusion-title.fusion-title-1{margin-top:15px!important;margin-bottom:15px!important;}}<\/style><div class=\"fusion-title title fusion-title-1 fusion-sep-none fusion-title-center fusion-title-text fusion-title-size-one\" style=\"margin-top:15px;margin-bottom:15px;\"><h1 class=\"title-heading-center\" style=\"margin:0;\"><span style=\"color: #333645;\">NETWORK KURULUMU<\/span><\/h1><\/div><div class=\"fusion-separator\" style=\"align-self: center;margin-left: auto;margin-right: auto;margin-top:16px;margin-bottom:36px;width:100%;max-width:24%;\"><div class=\"fusion-separator-border sep-single\" style=\"border-color:#5e6276;border-top-width:2px;\"><\/div><\/div><div class=\"fusion-text fusion-text-1\"><p style=\"text-align: center;\"><span style=\"color: #5f616f;\">Ms Windows 2000, 2003 2008 sat\u0131\u015f ve kurulumlar\u0131, kablolu veya kablosuz network sistemleri kurulumu, Linux a\u011f y\u00f6netim \u00e7\u00f6z\u00fcmleri.<\/span><\/p>\n<\/div><\/div><\/div><style type=\"text\/css\">.fusion-body .fusion-builder-column-0{width:66.666666666667% !important;margin-top : 85px;margin-bottom : 60px;}.fusion-builder-column-0 > .fusion-column-wrapper {padding-top : 0px !important;padding-right : 0px !important;margin-right : 0px;padding-bottom : 0px !important;padding-left : 0px !important;margin-left : 0px;}@media only screen and (max-width:1000px) {.fusion-body .fusion-builder-column-0{width:100% !important;}.fusion-builder-column-0 > .fusion-column-wrapper {margin-right : 0px;margin-left : 0px;}}@media only screen and (max-width:640px) {.fusion-body .fusion-builder-column-0{width:100% !important;}.fusion-builder-column-0 > .fusion-column-wrapper {margin-right : 0px;margin-left : 0px;}}<\/style><div class=\"fusion-layout-column fusion_builder_column fusion-builder-column-1 fusion_builder_column_1_1 1_1 fusion-flex-column\"><div class=\"fusion-column-wrapper fusion-flex-justify-content-center fusion-content-layout-column\" style=\"background-position:left top;background-blend-mode: overlay;background-repeat:no-repeat;-webkit-background-size:cover;-moz-background-size:cover;-o-background-size:cover;background-size:cover;padding: 0px 0px 0px 0px;\"><div class=\"fusion-section-separator section-separator big-half-circle fusion-section-separator-1\"><div class=\"fusion-section-separator-svg\" style=\"padding:0;\"><svg class=\"fusion-big-half-circle-candy\" xmlns=\"http:\/\/www.w3.org\/2000\/svg\" version=\"1.1\" width=\"100%\" height=\"100\" viewBox=\"0 0 100 100\" preserveAspectRatio=\"none\" style=\"fill:#292b37;padding:0;\"><path d=\"M0 100 C40 0 60 0 100 100 Z\"><\/path><\/svg><\/div><div class=\"fusion-section-separator-spacer\"><div class=\"fusion-section-separator-spacer-height\" style=\"height:99px;\"><\/div><\/div><style type=\"text\/css\">.fusion-section-separator-1 .fusion-section-separator-svg {margin-left:0px;margin-right:0px;}@media only screen and (max-width:1000px) {.fusion-section-separator-1 .fusion-section-separator-svg {margin-left:0px;margin-right:0px;}}@media only screen and (max-width:640px) {.fusion-section-separator-1 .fusion-section-separator-svg {margin-left:0px;margin-right:0px;}}<\/style><\/div><\/div><\/div><style type=\"text\/css\">.fusion-body .fusion-builder-column-1{width:100% !important;margin-top : 0px;margin-bottom : 0px;}.fusion-builder-column-1 > .fusion-column-wrapper {padding-top : 0px !important;padding-right : 0px !important;margin-right : 0px;padding-bottom : 0px !important;padding-left : 0px !important;margin-left : 0px;}@media only screen and (max-width:1000px) {.fusion-body .fusion-builder-column-1{width:100% !important;}.fusion-builder-column-1 > .fusion-column-wrapper {margin-right : 0px;margin-left : 0px;}}@media only screen and (max-width:640px) {.fusion-body .fusion-builder-column-1{width:100% !important;}.fusion-builder-column-1 > .fusion-column-wrapper {margin-right : 0px;margin-left : 0px;}}<\/style><\/div><style type=\"text\/css\">.fusion-body .fusion-flex-container.fusion-builder-row-1{ padding-top : 45px;margin-top : 0px;padding-right : 0px;padding-bottom : 0px;margin-bottom : 0px;padding-left : 0px;}<\/style><\/div><div class=\"fusion-fullwidth fullwidth-box fusion-builder-row-2 fusion-flex-container nonhundred-percent-fullwidth non-hundred-percent-height-scrolling\" style=\"background-color: #292b37;background-position: center center;background-repeat: no-repeat;border-width: 0px 0px 0px 0px;border-color:#eae9e9;border-style:solid;\" ><div class=\"fusion-builder-row fusion-row fusion-flex-align-items-flex-start\" style=\"max-width:1227.2px;margin-left: calc(-4% \/ 2 );margin-right: calc(-4% \/ 2 );\"><div class=\"fusion-layout-column fusion_builder_column fusion-builder-column-2 fusion_builder_column_1_6 1_6 fusion-flex-column fusion-no-small-visibility\"><div class=\"fusion-column-wrapper fusion-flex-justify-content-flex-start fusion-content-layout-column\" style=\"background-position:left top;background-repeat:no-repeat;-webkit-background-size:cover;-moz-background-size:cover;-o-background-size:cover;background-size:cover;padding: 0px 0px 0px 0px;\"><\/div><\/div><style type=\"text\/css\">.fusion-body .fusion-builder-column-2{width:16.666666666667% !important;margin-top : 15px;margin-bottom : 15px;}.fusion-builder-column-2 > .fusion-column-wrapper {padding-top : 0px !important;padding-right : 0px !important;margin-right : 11.52%;padding-bottom : 0px !important;padding-left : 0px !important;margin-left : 11.52%;}@media only screen and (max-width:1000px) {.fusion-body .fusion-builder-column-2{width:100% !important;}.fusion-builder-column-2 > .fusion-column-wrapper {margin-right : 1.92%;margin-left : 1.92%;}}@media only screen and (max-width:640px) {.fusion-body .fusion-builder-column-2{width:100% !important;}.fusion-builder-column-2 > .fusion-column-wrapper {margin-right : 1.92%;margin-left : 1.92%;}}<\/style><div class=\"fusion-layout-column fusion_builder_column fusion-builder-column-3 fusion_builder_column_2_3 2_3 fusion-flex-column\"><div class=\"fusion-column-wrapper fusion-flex-justify-content-flex-start fusion-content-layout-column\" style=\"background-position:left top;background-repeat:no-repeat;-webkit-background-size:cover;-moz-background-size:cover;-o-background-size:cover;background-size:cover;padding: 0px 0px 0px 0px;\"><style type=\"text\/css\">@media only screen and (max-width:1000px) {.fusion-title.fusion-title-2{margin-top:0px!important;margin-bottom:15px!important;}}<\/style><div class=\"fusion-title title fusion-title-2 fusion-sep-none fusion-title-center fusion-title-text fusion-title-size-two\" style=\"margin-top:0px;margin-bottom:15px;\"><h2 class=\"title-heading-center\" style=\"margin:0;\">SERV\u0130S B\u0130LG\u0130LER\u0130<\/h2><\/div><div class=\"fusion-separator\" style=\"align-self: center;margin-left: auto;margin-right: auto;margin-top:16px;margin-bottom:36px;width:100%;max-width:24%;\"><div class=\"fusion-separator-border sep-single\" style=\"border-color:#5e6276;border-top-width:2px;\"><\/div><\/div><div class=\"fusion-text fusion-text-2\"><p style=\"text-align: center;\">Ms Windows 2000, 2003 2008 sat\u0131\u015f ve kurulumlar\u0131, kablolu veya kablosuz network sistemleri kurulumu, Linux a\u011f y\u00f6netim \u00e7\u00f6z\u00fcmleri, uzak mesafeler aras\u0131 a\u011flar\u0131n g\u00fcvenli \u00e7al\u0131\u015fmas\u0131 i\u00e7in gerekli \u00f6nlemlerin al\u0131nmas\u0131 vb. hizmetler, MS Exchange Server Kurulum ve Yap\u0131land\u0131rma hizmetlerini ger\u00e7ekle\u015ftirmekteyiz\u2026 A\u011f (Network) Nedir ? Kullan\u0131c\u0131lar\u0131n, bilgisayar sistemindeki donan\u0131m ve yaz\u0131l\u0131m kaynaklar\u0131n\u0131 payla\u015fmalar\u0131n\u0131 sa\u011flayan sistemlerdir. A\u011f yap\u0131s\u0131n\u0131 temel olarak; A\u011f Altyap\u0131s\u0131 Aktif Cihazlar \u015feklinde iki b\u00f6l\u00fcme ay\u0131rabiliriz. A\u011f Altyap\u0131s\u0131 Nedir ? A\u011f altyap\u0131s\u0131, bilgisayarlar\u0131 birbirine ba\u011flayan, Kablolar Kabinler Paneller Prizler Kablo Kanallar\u0131 gibi pasif bile\u015fenleri i\u00e7erir. Aktif Cihazlar Nelerdir? Aktif Cihazlar, a\u011f altyap\u0131s\u0131 \u00fczerinde ileti\u015fimi sa\u011flayan elektronik cihazlard\u0131r. Bu cihazlar, Bilgisayarlar (sunucu, istemci vs.) ve bunlar \u00fczerinde \u00e7al\u0131\u015fan yaz\u0131l\u0131mlar (e-posta sunucusu, web sunucu, dns sunucu vs.) Hub \/ switch \/ router \/ firewall gibi a\u011f trafi\u011fini y\u00f6neten cihazlar. Print server gibi a\u011f \u00fczerinde bir donan\u0131m\u0131 ya da hizmeti kullan\u0131c\u0131lara ula\u015ft\u0131ran cihazlar. Kablosuz a\u011f cihazlar\u0131. gibi cihazlard\u0131r. A\u011f \u00fczerinde ileti\u015fim, yetkilendirme, payla\u015f\u0131m, g\u00fcvenlik bu cihazlar ve \u00fczerlerinde \u00e7al\u0131\u015fan yaz\u0131l\u0131mlar ile sa\u011flan\u0131r.<\/p>\n<p>A\u011f Kurulum Hizmetleri<br \/>\nyukar\u0131da, a\u011f altyap\u0131s\u0131 ve aktif cihazlar ba\u015fl\u0131klar\u0131 alt\u0131nda say\u0131lan a\u011f bile\u015fenleri ile ilgili a\u015fa\u011f\u0131daki hizmetleri sunmaktay\u0131z<br \/>\nA\u011f yap\u0131s\u0131n\u0131n projelendirilmesi, Kablo kanallar\u0131n\u0131n, prizlerin, a\u011f kablolar\u0131n\u0131n (UTP, Fiber Optik vs.), elektrik altyap\u0131s\u0131n\u0131n montaj\u0131 A\u011f cihazlar\u0131n\u0131n, kabinlerin, panellerin montaj\u0131, A\u011f cihazlar\u0131n\u0131n kurulumu, ayarlanmas\u0131, \u00e7al\u0131\u015ft\u0131r\u0131lmas\u0131,<br \/>\nA\u011f sunucu i\u015fletim sitemleri kurulumu (Windows NT, Windows 2000, Windows 2003, Novell Netware Server gibi) A\u011f ve Internet hizmetlerinin kurulumu (aktif directory, novell nds, dns, web server, exchange server, SQL server gibi hizmetlerin kurulmas\u0131) A\u011f ve Internet hizmetlerinin ayarlanmas\u0131, d\u00fczenlenmesi (Kullan\u0131c\u0131 yetkilendirme; dosya, yaz\u0131c\u0131 vs. kaynaklar\u0131n payla\u015ft\u0131r\u0131lmas\u0131 vb. ) A\u011f Sorun Giderme Hizmetleri.<br \/>\nA\u011f yap\u0131s\u0131n\u0131n yeniden projelendirilmesi, proje hatalar\u0131n\u0131n tespiti Kablo kanallar\u0131n\u0131n, prizlerin, a\u011f kablolar\u0131n\u0131n (UTP, Fiber Optik vs.), elektrik altyap\u0131s\u0131n\u0131n yenilenmesi A\u011fda yava\u015fl\u0131k, ba\u011flant\u0131 sorunlar\u0131 gibi sorunlar\u0131n \u00e7\u00f6z\u00fclmesi A\u011f cihazlar\u0131n\u0131n sorunlar\u0131n\u0131n \u00e7\u00f6z\u00fclmesi, ayarlanmas\u0131, \u00e7al\u0131\u015ft\u0131r\u0131lmas\u0131 A\u011f sunucu i\u015fletim sitemleri sorunlar\u0131n\u0131n \u00e7\u00f6z\u00fclmesi (Windows NT, Windows 2000, Windows 2003, Novell Netware Server gibi) A\u011f ve Internet hizmetlerinin sorunlar\u0131n\u0131n \u00e7\u00f6z\u00fclmesi<br \/>\n(aktif directory, novell nds, dns, web server, exchange server, SQL server gibi) Kablosuz A\u011flar (Wireless Networks) G\u00fcn\u00fcm\u00fczde mobil cihazlar\u0131n yayg\u0131nla\u015fmas\u0131 ile ortaya \u00e7\u0131kan mobilite kavram\u0131 yeni network yap\u0131lar\u0131n\u0131n do\u011fmas\u0131na da neden olmu\u015ftur. Kullan\u0131c\u0131lar art\u0131k masalar\u0131na ba\u011f\u0131ml\u0131 olmaktan \u00e7\u0131k\u0131p, ofis i\u00e7inde, evinde, kafede veya havaalan\u0131nda kablosuz a\u011flarla internete girebilmekte, g\u00fcnl\u00fck i\u015flerini ofise ba\u011f\u0131ml\u0131 kalmadan s\u00fcrd\u00fcrebilmektedirler.<br \/>\nKullan\u0131c\u0131lar yeni nesil kablosuz a\u011f kartlar\u0131 ta\u015f\u0131yan PC\u2019leri ile a\u011f\u2019lara rahat\u00e7a ula\u015fabilmektedirler. \u015eirketler kablolu sistem yat\u0131r\u0131mlar\u0131ndan, kablosuz sistemlere kaymaktad\u0131rlar. Bunun en b\u00fcy\u00fck avantaj\u0131 kablolu a\u011flardaki sonland\u0131rmalar\u0131n de\u011fi\u015ftirilmesindeki g\u00fc\u00e7l\u00fckler ve kullan\u0131c\u0131lar\u0131n belli noktalara ba\u011f\u0131ml\u0131 \u00e7al\u0131\u015fma gereklili\u011fini ortadan kald\u0131rmas\u0131d\u0131r. Yerel a\u011flarda geni\u015fletme, aktif cihazlarda port artt\u0131r\u0131m\u0131 derdi de sona ermektedir.<br \/>\nAyr\u0131ca i\u00e7 ve d\u0131\u015f anten \u00fcniteleri kullan\u0131larak da a\u011f\u0131n kapsama alan\u0131 kilometrelerle ifade edilecek \u00f6l\u00e7\u00fclerde artt\u0131r\u0131labilmektedir. Kablosuz a\u011f kurulum hizmeti ile ofisinizde gereksiz kablolamadan sizleri kurtarmaktay\u0131z.<br \/>\nKablosuz A\u011f kurulmadan evvel saha ziyareti ile testler ve ara\u015ft\u0131rmalar yap\u0131larak gerekli kablosuz a\u011f elemanlar\u0131na karar verilmektedir. Bu eleman listesine g\u00f6re a\u011f kurulumu ve y\u00f6netimi projelendirilmektedir. Kurulum yap\u0131lan kablosuz a\u011f i\u00e7in istenirse uzaktan a\u011f y\u00f6netim hizmeti vermekteyiz.<\/p>\n<\/div><\/div><\/div><style type=\"text\/css\">.fusion-body .fusion-builder-column-3{width:66.666666666667% !important;margin-top : 80px;margin-bottom : 45px;}.fusion-builder-column-3 > .fusion-column-wrapper {padding-top : 0px !important;padding-right : 0px !important;margin-right : 2.88%;padding-bottom : 0px !important;padding-left : 0px !important;margin-left : 2.88%;}@media only screen and (max-width:1000px) {.fusion-body .fusion-builder-column-3{width:100% !important;margin-bottom : 24px;}.fusion-builder-column-3 > .fusion-column-wrapper {margin-right : 1.92%;margin-left : 1.92%;}}@media only screen and (max-width:640px) {.fusion-body .fusion-builder-column-3{width:100% !important;}.fusion-builder-column-3 > .fusion-column-wrapper {margin-right : 1.92%;margin-left : 1.92%;}}<\/style><div class=\"fusion-layout-column fusion_builder_column fusion-builder-column-4 fusion_builder_column_1_6 1_6 fusion-flex-column fusion-no-small-visibility\"><div class=\"fusion-column-wrapper fusion-flex-justify-content-flex-start fusion-content-layout-column\" style=\"background-position:left top;background-repeat:no-repeat;-webkit-background-size:cover;-moz-background-size:cover;-o-background-size:cover;background-size:cover;padding: 0px 0px 0px 0px;\"><\/div><\/div><style type=\"text\/css\">.fusion-body .fusion-builder-column-4{width:16.666666666667% !important;margin-top : 15px;margin-bottom : 15px;}.fusion-builder-column-4 > .fusion-column-wrapper {padding-top : 0px !important;padding-right : 0px !important;margin-right : 11.52%;padding-bottom : 0px !important;padding-left : 0px !important;margin-left : 11.52%;}@media only screen and (max-width:1000px) {.fusion-body .fusion-builder-column-4{width:100% !important;}.fusion-builder-column-4 > .fusion-column-wrapper {margin-right : 1.92%;margin-left : 1.92%;}}@media only screen and (max-width:640px) {.fusion-body .fusion-builder-column-4{width:100% !important;}.fusion-builder-column-4 > .fusion-column-wrapper {margin-right : 1.92%;margin-left : 1.92%;}}<\/style><\/div><style type=\"text\/css\">.fusion-body .fusion-flex-container.fusion-builder-row-2{ padding-top : 40px;margin-top : 0px;padding-right : 0px;padding-bottom : 70px;margin-bottom : 0px;padding-left : 0px;}<\/style><\/div><\/p>\n","protected":false},"excerpt":{"rendered":"","protected":false},"author":1,"featured_media":0,"parent":0,"menu_order":0,"comment_status":"closed","ping_status":"closed","template":"100-width.php","meta":{"footnotes":""},"class_list":["post-1973","page","type-page","status-publish","hentry"],"_links":{"self":[{"href":"https:\/\/caddepc.com\/index.php\/wp-json\/wp\/v2\/pages\/1973","targetHints":{"allow":["GET"]}}],"collection":[{"href":"https:\/\/caddepc.com\/index.php\/wp-json\/wp\/v2\/pages"}],"about":[{"href":"https:\/\/caddepc.com\/index.php\/wp-json\/wp\/v2\/types\/page"}],"author":[{"embeddable":true,"href":"https:\/\/caddepc.com\/index.php\/wp-json\/wp\/v2\/users\/1"}],"replies":[{"embeddable":true,"href":"https:\/\/caddepc.com\/index.php\/wp-json\/wp\/v2\/comments?post=1973"}],"version-history":[{"count":0,"href":"https:\/\/caddepc.com\/index.php\/wp-json\/wp\/v2\/pages\/1973\/revisions"}],"wp:attachment":[{"href":"https:\/\/caddepc.com\/index.php\/wp-json\/wp\/v2\/media?parent=1973"}],"curies":[{"name":"wp","href":"https:\/\/api.w.org\/{rel}","templated":true}]}}